{"id":16128,"date":"2025-10-08T10:16:45","date_gmt":"2025-10-08T07:16:45","guid":{"rendered":"https:\/\/avaeksperdid.ee\/?post_type=product&#038;p=16128"},"modified":"2026-03-16T11:15:49","modified_gmt":"2026-03-16T08:15:49","slug":"klassikaline-voldikkardin","status":"publish","type":"product","link":"https:\/\/avaeksperdid.ee\/en\/product\/klassikaline-voldikkardin\/","title":{"rendered":"Klassikaline voldikkardin"},"content":{"rendered":"<p><img loading=\"lazy\" decoding=\"async\" class=\"alignnone wp-image-16150\" src=\"https:\/\/avaeksperdid.ee\/wp-content\/uploads\/2025\/10\/7e2a7514-300x200.jpg\" alt=\"\" width=\"897\" height=\"598\" srcset=\"https:\/\/avaeksperdid.ee\/wp-content\/uploads\/2025\/10\/7e2a7514-300x200.jpg 300w, https:\/\/avaeksperdid.ee\/wp-content\/uploads\/2025\/10\/7e2a7514-1024x683.jpg 1024w, https:\/\/avaeksperdid.ee\/wp-content\/uploads\/2025\/10\/7e2a7514-768x512.jpg 768w, https:\/\/avaeksperdid.ee\/wp-content\/uploads\/2025\/10\/7e2a7514-800x533.jpg 800w, https:\/\/avaeksperdid.ee\/wp-content\/uploads\/2025\/10\/7e2a7514-600x400.jpg 600w\" sizes=\"auto, (max-width: 897px) 100vw, 897px\" \/><\/p>\n<p><a class=\"reference button\" href=\"https:\/\/avaeksperdid.ee\/wp-content\/uploads\/2025\/10\/ae-tooteleht-voldikkardin-2025-1.pdf\">Tooteleht<\/a><\/p>\n<h2><strong>VS2 voldikkardina s\u00fcsteemi eelised:<\/strong><\/h2>\n<ul>\n<li>Topeltliikumine \u2013 voldikkardinat saab liigutada m\u00f5lemast suunast, mis v\u00f5imaldab maksimaalset valguse ja privaatsuse kontrolli.<\/li>\n<li>Kruvivaba paigaldusv\u00f5imalus \u2013 VS2 mudelit saab paigaldada ka kleebitavate liistudega, mis t\u00e4hendab, et aknaraami ei pea puurima.<\/li>\n<li>K\u00e4epidemega juhtimine \u2013 puuduvad rippuvad n\u00f6\u00f6rid, mis teeb selle lahenduse turvaliseks ka lastega kodudes.<\/li>\n<li>Sobib erikujulistele akendele \u2013 VS2 voldikkardinaid saab valmistada ka \u00fcmaratele, kolmnurksetele ja trapetsikujulistele akendele.<\/li>\n<li>Kompaktne disain \u2013 kardin eendub aknaraamist minimaalselt, mist\u00f5ttu ei sega see akna v\u00f5i ukse avamist.<\/li>\n<li>Suur valik kangaid \u2013 saadaval on valgust l\u00e4bi laskvad, poolpimendavad, pimendavad ja k\u00e4rgkangad, mis aitavad reguleerida valgust ja temperatuuri.<\/li>\n<\/ul>\n<p>Kui vajad lahendust <strong>laiadele akendele<\/strong>, siis sobib Sulle lahendustest kas <a href=\"https:\/\/avaeksperdid.ee\/toode\/voldikkardin-vs2-maxline\/\">VS2 Maxline<\/a> v\u00f5i <a href=\"https:\/\/avaeksperdid.ee\/toode\/voldikkardin-slide\/\">VS2 Slide.<\/a> K\u00fcsi n\u00f5u Avaekspertide spetsialistilt salongis v\u00f5i saada kiri!<\/p>\n<p>&nbsp;<\/p>\n<h2><strong>Miks valida VS2 voldikkardin Avaekspertidelt?<\/strong><\/h2>\n<ul>\n<li><strong>Stiilne ja praktiline<\/strong> \u2013 VS2 voldikkardinad sobivad igasse interj\u00f6\u00f6ri, pakkudes samal ajal nutikat valguse reguleerimist.<\/li>\n<li><strong>Lai kangavalik<\/strong> &#8211; saadaval on valgust l\u00e4bi laskvad, poolpimendavad, pimendavad ja k\u00e4rgkangad, mis aitavad reguleerida valgust ja temperatuuri.<\/li>\n<li><strong>Professionaalne n\u00f5ustamine ja paigaldus<\/strong> \u2013 Avaekspertide spetsialist aitab leida just sinu akendele sobiva lahenduse.<\/li>\n<li><strong>Kvaliteetne<\/strong> &#8211; Avaekspertide toodetud aknakatted valmivad Eestis kohapeal, Avaekspertide tootmises, kasutades k\u00f5rge kvaliteediga kangaid ja mehhanisme.<\/li>\n<\/ul>\n<h2>M\u00f5\u00f5dud<\/h2>\n<h3><strong>VS2 voldikkardinate m\u00f5\u00f5duvahemik:<\/strong><\/h3>\n<ul>\n<li>Laius: min. 23 cm, max. 150 cm<\/li>\n<li>K\u00f5rgus: min. 20 cm, max 150 cm<\/li>\n<\/ul>\n<p>*Laiuse puhul kuni 120 cm: maksimaalne k\u00f5rgus 220 cm<\/p>\n<h3><strong>K\u00e4rgvoldikkardinate m\u00f5\u00f5duvahemik:<\/strong><\/h3>\n<ul>\n<li>Laius: min. 23 cm, max. 150 cm<\/li>\n<li>K\u00f5rgus: min. 20 cm, max. 150 cm<\/li>\n<\/ul>\n<p>*Laiuse puhul kuni 120 cm: maksimaalne k\u00f5rgus 220 cm<\/p>\n<p><img loading=\"lazy\" decoding=\"async\" class=\"alignnone wp-image-16212\" src=\"https:\/\/avaeksperdid.ee\/wp-content\/uploads\/2025\/10\/voldikkardinate-korgused-pilt-avaeksperdid-2-300x250.png\" alt=\"\" width=\"530\" height=\"442\" srcset=\"https:\/\/avaeksperdid.ee\/wp-content\/uploads\/2025\/10\/voldikkardinate-korgused-pilt-avaeksperdid-2-300x250.png 300w, https:\/\/avaeksperdid.ee\/wp-content\/uploads\/2025\/10\/voldikkardinate-korgused-pilt-avaeksperdid-2.png 450w\" sizes=\"auto, (max-width: 530px) 100vw, 530px\" \/><\/p>\n<div class=\"shop_archive__category-content\">\n<h3><strong>K\u00f5ik meie tooted valmivad eritellimusel Tallinnas, Avaekspertide tootmises.<\/strong><\/h3>\n<p>Me ei tooda midagi ette \u2013 iga lahendus s\u00fcnnib alles siis, kui oleme saanud teie ruumide t\u00e4psed m\u00f5\u00f5dud ja soovid. Nii saame tagada, et iga kardin, s\u00fcsteem v\u00f5i detail sobib ideaalselt just teie interj\u00f6\u00f6ri ja vajadustega.<\/p>\n<p>Avaekspertides on parimad kardinalahendused igasse koju ja kontorisse! Tule ja vaata oma silmaga \u2013 meie salongides Tallinnas (P\u00e4rnu mnt 139a ja Kadaka tee 133) saad inspiratsiooni ja tutvuda erinevate kardinalahendustega! V\u00f5i saada meile p\u00e4ring ja aitame sul leida just sinu ruumile sobivaima variandi. Valik on lai, n\u00f5u on personaalne \u2013 otsus saab lihtne olema!<\/p>\n<\/div>\n<div class=\"shop_archive__blocks\"><\/div>\n","protected":false},"excerpt":{"rendered":"VS2 voldikkardin on kahelt poolt kinnitatav plisseekardin, mida saab liigutada nii alt \u00fcles kui \u00fclevalt alla. See annab kasutajale v\u00f5imaluse katta akent t\u00e4pselt soovitud kohast \u2013 n\u00e4iteks j\u00e4tta alumine osa kaetuks privaatsuse tagamiseks, samal ajal kui \u00fclemine osa laseb tuppa p\u00e4evavalgust.","protected":false},"featured_media":11141,"template":"","meta":{"_acf_changed":false},"product_brand":[],"product_cat":[319],"product_tag":[272],"class_list":{"0":"post-16128","1":"product","2":"type-product","3":"status-publish","4":"has-post-thumbnail","6":"product_cat-voldikkardinad","7":"product_tag-sisetooted","9":"first","10":"instock","11":"shipping-taxable","12":"product-type-simple"},"acf":[],"yoast_head":"<!-- This site is optimized with the Yoast SEO plugin v26.2 - https:\/\/yoast.com\/wordpress\/plugins\/seo\/ -->\n<title>Klassikaline voldikkardin - Avaeksperdid<\/title>\n<meta name=\"description\" content=\"Voldikkardin on kahelt poolt kinnitatav plisseekardin, mida saab liigutada nii alt \u00fcles kui \u00fclevalt alla. Avaekspertides on lai valik erinevaid kangaid ja lahendusi!\" \/>\n<meta name=\"robots\" content=\"index, follow, max-snippet:-1, max-image-preview:large, max-video-preview:-1\" \/>\n<link rel=\"canonical\" href=\"https:\/\/avaeksperdid.ee\/toode\/klassikaline-voldikkardin\/\" \/>\n<meta property=\"og:locale\" content=\"en_US\" \/>\n<meta property=\"og:type\" content=\"article\" \/>\n<meta property=\"og:title\" content=\"Klassikaline voldikkardin\" \/>\n<meta property=\"og:description\" content=\"Voldikkardin on kahelt poolt kinnitatav plisseekardin, mida saab liigutada nii alt \u00fcles kui \u00fclevalt alla. Avaekspertides on lai kangavalik!\" \/>\n<meta property=\"og:url\" content=\"https:\/\/avaeksperdid.ee\/toode\/klassikaline-voldikkardin\/\" \/>\n<meta property=\"og:site_name\" content=\"Avaeksperdid\" \/>\n<meta property=\"article:modified_time\" content=\"2026-03-16T08:15:49+00:00\" \/>\n<meta property=\"og:image\" content=\"https:\/\/avaeksperdid.ee\/wp-content\/uploads\/2025\/09\/instagram-pf-20-oregon-2332-1-milk-l.jpg\" \/>\n\t<meta property=\"og:image:width\" content=\"1080\" \/>\n\t<meta property=\"og:image:height\" content=\"720\" \/>\n\t<meta property=\"og:image:type\" content=\"image\/jpeg\" \/>\n<meta name=\"twitter:card\" content=\"summary_large_image\" \/>\n<meta name=\"twitter:label1\" content=\"Est. reading time\" \/>\n\t<meta name=\"twitter:data1\" content=\"3 minutes\" \/>\n<script type=\"application\/ld+json\" class=\"yoast-schema-graph\">{\"@context\":\"https:\/\/schema.org\",\"@graph\":[{\"@type\":\"WebPage\",\"@id\":\"https:\/\/avaeksperdid.ee\/toode\/klassikaline-voldikkardin\/\",\"url\":\"https:\/\/avaeksperdid.ee\/toode\/klassikaline-voldikkardin\/\",\"name\":\"Klassikaline voldikkardin - Avaeksperdid\",\"isPartOf\":{\"@id\":\"https:\/\/avaeksperdid.ee\/#website\"},\"primaryImageOfPage\":{\"@id\":\"https:\/\/avaeksperdid.ee\/toode\/klassikaline-voldikkardin\/#primaryimage\"},\"image\":{\"@id\":\"https:\/\/avaeksperdid.ee\/toode\/klassikaline-voldikkardin\/#primaryimage\"},\"thumbnailUrl\":\"https:\/\/avaeksperdid.ee\/wp-content\/uploads\/2025\/04\/avaleht-voldikkardinad.jpg\",\"datePublished\":\"2025-10-08T07:16:45+00:00\",\"dateModified\":\"2026-03-16T08:15:49+00:00\",\"description\":\"Voldikkardin on kahelt poolt kinnitatav plisseekardin, mida saab liigutada nii alt \u00fcles kui \u00fclevalt alla. Avaekspertides on lai valik erinevaid kangaid ja lahendusi!\",\"breadcrumb\":{\"@id\":\"https:\/\/avaeksperdid.ee\/toode\/klassikaline-voldikkardin\/#breadcrumb\"},\"inLanguage\":\"en-US\",\"potentialAction\":[{\"@type\":\"ReadAction\",\"target\":[\"https:\/\/avaeksperdid.ee\/toode\/klassikaline-voldikkardin\/\"]}]},{\"@type\":\"ImageObject\",\"inLanguage\":\"en-US\",\"@id\":\"https:\/\/avaeksperdid.ee\/toode\/klassikaline-voldikkardin\/#primaryimage\",\"url\":\"https:\/\/avaeksperdid.ee\/wp-content\/uploads\/2025\/04\/avaleht-voldikkardinad.jpg\",\"contentUrl\":\"https:\/\/avaeksperdid.ee\/wp-content\/uploads\/2025\/04\/avaleht-voldikkardinad.jpg\",\"width\":1920,\"height\":1280},{\"@type\":\"BreadcrumbList\",\"@id\":\"https:\/\/avaeksperdid.ee\/toode\/klassikaline-voldikkardin\/#breadcrumb\",\"itemListElement\":[{\"@type\":\"ListItem\",\"position\":1,\"name\":\"Home\",\"item\":\"https:\/\/avaeksperdid.ee\/en\/\"},{\"@type\":\"ListItem\",\"position\":2,\"name\":\"All products\",\"item\":\"https:\/\/avaeksperdid.ee\/en\/shop\/\"},{\"@type\":\"ListItem\",\"position\":3,\"name\":\"Klassikaline voldikkardin\"}]},{\"@type\":\"WebSite\",\"@id\":\"https:\/\/avaeksperdid.ee\/#website\",\"url\":\"https:\/\/avaeksperdid.ee\/\",\"name\":\"Avaeksperdid\",\"description\":\"Kardinad | Rulood | Markiisid ja v\u00e4likatted\",\"publisher\":{\"@id\":\"https:\/\/avaeksperdid.ee\/#organization\"},\"potentialAction\":[{\"@type\":\"SearchAction\",\"target\":{\"@type\":\"EntryPoint\",\"urlTemplate\":\"https:\/\/avaeksperdid.ee\/?s={search_term_string}\"},\"query-input\":{\"@type\":\"PropertyValueSpecification\",\"valueRequired\":true,\"valueName\":\"search_term_string\"}}],\"inLanguage\":\"en-US\"},{\"@type\":\"Organization\",\"@id\":\"https:\/\/avaeksperdid.ee\/#organization\",\"name\":\"Avaeksperdid\",\"url\":\"https:\/\/avaeksperdid.ee\/\",\"logo\":{\"@type\":\"ImageObject\",\"inLanguage\":\"en-US\",\"@id\":\"https:\/\/avaeksperdid.ee\/#\/schema\/logo\/image\/\",\"url\":\"https:\/\/avaeksperdid.ee\/wp-content\/uploads\/2025\/03\/avaeksperdid-must-logo.svg\",\"contentUrl\":\"https:\/\/avaeksperdid.ee\/wp-content\/uploads\/2025\/03\/avaeksperdid-must-logo.svg\",\"width\":192,\"height\":26,\"caption\":\"Avaeksperdid\"},\"image\":{\"@id\":\"https:\/\/avaeksperdid.ee\/#\/schema\/logo\/image\/\"}}]}<\/script>\n<!-- \/ Yoast SEO plugin. -->","yoast_head_json":{"title":"Klassikaline voldikkardin - Avaeksperdid","description":"Voldikkardin on kahelt poolt kinnitatav plisseekardin, mida saab liigutada nii alt \u00fcles kui \u00fclevalt alla. Avaekspertides on lai valik erinevaid kangaid ja lahendusi!","robots":{"index":"index","follow":"follow","max-snippet":"max-snippet:-1","max-image-preview":"max-image-preview:large","max-video-preview":"max-video-preview:-1"},"canonical":"https:\/\/avaeksperdid.ee\/toode\/klassikaline-voldikkardin\/","og_locale":"en_US","og_type":"article","og_title":"Klassikaline voldikkardin","og_description":"Voldikkardin on kahelt poolt kinnitatav plisseekardin, mida saab liigutada nii alt \u00fcles kui \u00fclevalt alla. Avaekspertides on lai kangavalik!","og_url":"https:\/\/avaeksperdid.ee\/toode\/klassikaline-voldikkardin\/","og_site_name":"Avaeksperdid","article_modified_time":"2026-03-16T08:15:49+00:00","og_image":[{"width":1080,"height":720,"url":"https:\/\/avaeksperdid.ee\/wp-content\/uploads\/2025\/09\/instagram-pf-20-oregon-2332-1-milk-l.jpg","type":"image\/jpeg"}],"twitter_card":"summary_large_image","twitter_misc":{"Est. reading time":"3 minutes"},"schema":{"@context":"https:\/\/schema.org","@graph":[{"@type":"WebPage","@id":"https:\/\/avaeksperdid.ee\/toode\/klassikaline-voldikkardin\/","url":"https:\/\/avaeksperdid.ee\/toode\/klassikaline-voldikkardin\/","name":"Klassikaline voldikkardin - Avaeksperdid","isPartOf":{"@id":"https:\/\/avaeksperdid.ee\/#website"},"primaryImageOfPage":{"@id":"https:\/\/avaeksperdid.ee\/toode\/klassikaline-voldikkardin\/#primaryimage"},"image":{"@id":"https:\/\/avaeksperdid.ee\/toode\/klassikaline-voldikkardin\/#primaryimage"},"thumbnailUrl":"https:\/\/avaeksperdid.ee\/wp-content\/uploads\/2025\/04\/avaleht-voldikkardinad.jpg","datePublished":"2025-10-08T07:16:45+00:00","dateModified":"2026-03-16T08:15:49+00:00","description":"Voldikkardin on kahelt poolt kinnitatav plisseekardin, mida saab liigutada nii alt \u00fcles kui \u00fclevalt alla. Avaekspertides on lai valik erinevaid kangaid ja lahendusi!","breadcrumb":{"@id":"https:\/\/avaeksperdid.ee\/toode\/klassikaline-voldikkardin\/#breadcrumb"},"inLanguage":"en-US","potentialAction":[{"@type":"ReadAction","target":["https:\/\/avaeksperdid.ee\/toode\/klassikaline-voldikkardin\/"]}]},{"@type":"ImageObject","inLanguage":"en-US","@id":"https:\/\/avaeksperdid.ee\/toode\/klassikaline-voldikkardin\/#primaryimage","url":"https:\/\/avaeksperdid.ee\/wp-content\/uploads\/2025\/04\/avaleht-voldikkardinad.jpg","contentUrl":"https:\/\/avaeksperdid.ee\/wp-content\/uploads\/2025\/04\/avaleht-voldikkardinad.jpg","width":1920,"height":1280},{"@type":"BreadcrumbList","@id":"https:\/\/avaeksperdid.ee\/toode\/klassikaline-voldikkardin\/#breadcrumb","itemListElement":[{"@type":"ListItem","position":1,"name":"Home","item":"https:\/\/avaeksperdid.ee\/en\/"},{"@type":"ListItem","position":2,"name":"All products","item":"https:\/\/avaeksperdid.ee\/en\/shop\/"},{"@type":"ListItem","position":3,"name":"Klassikaline voldikkardin"}]},{"@type":"WebSite","@id":"https:\/\/avaeksperdid.ee\/#website","url":"https:\/\/avaeksperdid.ee\/","name":"Avaeksperdid","description":"Kardinad | Rulood | Markiisid ja v\u00e4likatted","publisher":{"@id":"https:\/\/avaeksperdid.ee\/#organization"},"potentialAction":[{"@type":"SearchAction","target":{"@type":"EntryPoint","urlTemplate":"https:\/\/avaeksperdid.ee\/?s={search_term_string}"},"query-input":{"@type":"PropertyValueSpecification","valueRequired":true,"valueName":"search_term_string"}}],"inLanguage":"en-US"},{"@type":"Organization","@id":"https:\/\/avaeksperdid.ee\/#organization","name":"Avaeksperdid","url":"https:\/\/avaeksperdid.ee\/","logo":{"@type":"ImageObject","inLanguage":"en-US","@id":"https:\/\/avaeksperdid.ee\/#\/schema\/logo\/image\/","url":"https:\/\/avaeksperdid.ee\/wp-content\/uploads\/2025\/03\/avaeksperdid-must-logo.svg","contentUrl":"https:\/\/avaeksperdid.ee\/wp-content\/uploads\/2025\/03\/avaeksperdid-must-logo.svg","width":192,"height":26,"caption":"Avaeksperdid"},"image":{"@id":"https:\/\/avaeksperdid.ee\/#\/schema\/logo\/image\/"}}]}},"_links":{"self":[{"href":"https:\/\/avaeksperdid.ee\/en\/wp-json\/wp\/v2\/product\/16128","targetHints":{"allow":["GET"]}}],"collection":[{"href":"https:\/\/avaeksperdid.ee\/en\/wp-json\/wp\/v2\/product"}],"about":[{"href":"https:\/\/avaeksperdid.ee\/en\/wp-json\/wp\/v2\/types\/product"}],"wp:featuredmedia":[{"embeddable":true,"href":"https:\/\/avaeksperdid.ee\/en\/wp-json\/wp\/v2\/media\/11141"}],"wp:attachment":[{"href":"https:\/\/avaeksperdid.ee\/en\/wp-json\/wp\/v2\/media?parent=16128"}],"wp:term":[{"taxonomy":"product_brand","embeddable":true,"href":"https:\/\/avaeksperdid.ee\/en\/wp-json\/wp\/v2\/product_brand?post=16128"},{"taxonomy":"product_cat","embeddable":true,"href":"https:\/\/avaeksperdid.ee\/en\/wp-json\/wp\/v2\/product_cat?post=16128"},{"taxonomy":"product_tag","embeddable":true,"href":"https:\/\/avaeksperdid.ee\/en\/wp-json\/wp\/v2\/product_tag?post=16128"}],"curies":[{"name":"wp","href":"https:\/\/api.w.org\/{rel}","templated":true}]}}