{"id":10682,"date":"2016-03-10T13:25:08","date_gmt":"2016-03-10T10:25:08","guid":{"rendered":"https:\/\/avaeksperdid.ee\/toode\/veranda-system-2\/"},"modified":"2025-04-17T18:59:41","modified_gmt":"2025-04-17T15:59:41","slug":"veranda-system-2","status":"publish","type":"product","link":"https:\/\/avaeksperdid.ee\/en\/product\/veranda-system-2\/","title":{"rendered":"Veranda System"},"content":{"rendered":"<p><strong>S\u00fcsteem Veranda<\/strong> on m\u00f5eldud <strong>lamedate horisontaal<\/strong>&#8211;<strong> v\u00f5i kaldpindade<\/strong>, nagu talveaiad v\u00f5i katuseaknad, katmiseks. Sisseehitatud pingulduss\u00fcsteem hoiab kanga pidevalt pingul, isegi suurtel pindadel. See s\u00fcsteem on m\u00f5eldud nii sise- kui ka v\u00e4likasutuseks.<\/p>\n<h2>Konstruktsioon<\/h2>\n<p><a href=\"https:\/\/avaeksperdid.ee\/wp-content\/uploads\/2025\/03\/picture-28.jpg\" rel=\"attachment wp-att-944\"><img loading=\"lazy\" decoding=\"async\" class=\"alignright size-medium wp-image-944\" src=\"https:\/\/avaeksperdid.ee\/wp-content\/uploads\/2025\/03\/picture-28.jpg\" alt=\"picture (28)\" width=\"300\" height=\"212\" \/><\/a>Tugev alumiiniumist konstruktsioon, kassett toetub k\u00fclgjuhikutele, mis on varustatud paigaldustarvikutega.\u00a0Tootja j\u00e4tab endale \u00f5iguse muuta ja\/v\u00f5i t\u00e4iustada disaini ja konstruktsiooni.<\/p>\n<h3>Kassett<\/h3>\n<p>Valmistatud ekstrudeeritud alumiiniumist, saadaval ka moodulitena \u00fchendatava versioonina.<\/p>\n<h3>Kangas<\/h3>\n<p>T\u00e4nu PVC kombineerimisele pol\u00fcestriga on meie kangaid lihtne hooldada ning need on ilmastiku- ja UVkindlad.<\/p>\n<h2>Ajam ja automaatika<\/h2>\n<p>Pakume juhtivate Euroopa tootjate lahendusi, n\u00e4iteks t\u00e4ielikku ilmastikuautomaatikat, p\u00e4ikeseandureid, vaikseid mootoreid, saatja-vastuv\u00f5tjaga mootoreid, kaugjuhtimis-pulte.<\/p>\n<h3>Kanga pinguldamise s\u00fcsteem<\/h3>\n<p>Kangast pinguldatakse alumises latis peituva vedruga, pinge kantakse edasi trossi kaudu, mis l\u00e4heb l\u00e4bi rullikute.<\/p>\n<h3><\/h3>\n","protected":false},"excerpt":{"rendered":"S\u00fcsteem Veranda on m\u00f5eldud lamedate horisontaal- v\u00f5i kaldpindade, nagu talveaiad v\u00f5i katuseaknad, katmiseks.","protected":false},"featured_media":7624,"template":"","meta":{"_acf_changed":false},"product_brand":[],"product_cat":[311],"product_tag":[],"class_list":{"0":"post-10682","1":"product","2":"type-product","3":"status-publish","4":"has-post-thumbnail","6":"product_cat-muud-tooted","8":"first","9":"instock","10":"product-type-simple"},"acf":[],"yoast_head":"<!-- This site is optimized with the Yoast SEO plugin v26.2 - https:\/\/yoast.com\/wordpress\/plugins\/seo\/ -->\n<title>Veranda System - Avaeksperdid<\/title>\n<meta name=\"robots\" content=\"index, follow, max-snippet:-1, max-image-preview:large, max-video-preview:-1\" \/>\n<link rel=\"canonical\" href=\"https:\/\/avaeksperdid.ee\/?post_type=product&p=10642\" \/>\n<meta property=\"og:locale\" content=\"en_US\" \/>\n<meta property=\"og:type\" content=\"article\" \/>\n<meta property=\"og:title\" content=\"Veranda System - Avaeksperdid\" \/>\n<meta property=\"og:description\" content=\"S\u00fcsteem Veranda on m\u00f5eldud lamedate horisontaal- v\u00f5i kaldpindade, nagu talveaiad v\u00f5i katuseaknad, katmiseks.\" \/>\n<meta property=\"og:url\" content=\"https:\/\/avaeksperdid.ee\/?post_type=product&amp;p=10642\" \/>\n<meta property=\"og:site_name\" content=\"Avaeksperdid\" \/>\n<meta property=\"article:modified_time\" content=\"2025-04-17T15:59:41+00:00\" \/>\n<meta property=\"og:image\" content=\"https:\/\/avaeksperdid.ee\/wp-content\/uploads\/2025\/04\/veranda-system-1-1.jpg\" \/>\n\t<meta property=\"og:image:width\" content=\"800\" \/>\n\t<meta property=\"og:image:height\" content=\"391\" \/>\n\t<meta property=\"og:image:type\" content=\"image\/jpeg\" \/>\n<meta name=\"twitter:card\" content=\"summary_large_image\" \/>\n<meta name=\"twitter:label1\" content=\"Est. reading time\" \/>\n\t<meta name=\"twitter:data1\" content=\"1 minute\" \/>\n<script type=\"application\/ld+json\" class=\"yoast-schema-graph\">{\"@context\":\"https:\/\/schema.org\",\"@graph\":[{\"@type\":\"WebPage\",\"@id\":\"https:\/\/avaeksperdid.ee\/?post_type=product&p=10642\",\"url\":\"https:\/\/avaeksperdid.ee\/?post_type=product&p=10642\",\"name\":\"Veranda System - Avaeksperdid\",\"isPartOf\":{\"@id\":\"https:\/\/avaeksperdid.ee\/#website\"},\"primaryImageOfPage\":{\"@id\":\"https:\/\/avaeksperdid.ee\/?post_type=product&p=10642#primaryimage\"},\"image\":{\"@id\":\"https:\/\/avaeksperdid.ee\/?post_type=product&p=10642#primaryimage\"},\"thumbnailUrl\":\"https:\/\/avaeksperdid.ee\/wp-content\/uploads\/2025\/04\/veranda-system-1-1.jpg\",\"datePublished\":\"2016-03-10T10:25:08+00:00\",\"dateModified\":\"2025-04-17T15:59:41+00:00\",\"breadcrumb\":{\"@id\":\"https:\/\/avaeksperdid.ee\/?post_type=product&p=10642#breadcrumb\"},\"inLanguage\":\"en-US\",\"potentialAction\":[{\"@type\":\"ReadAction\",\"target\":[\"https:\/\/avaeksperdid.ee\/?post_type=product&p=10642\"]}]},{\"@type\":\"ImageObject\",\"inLanguage\":\"en-US\",\"@id\":\"https:\/\/avaeksperdid.ee\/?post_type=product&p=10642#primaryimage\",\"url\":\"https:\/\/avaeksperdid.ee\/wp-content\/uploads\/2025\/04\/veranda-system-1-1.jpg\",\"contentUrl\":\"https:\/\/avaeksperdid.ee\/wp-content\/uploads\/2025\/04\/veranda-system-1-1.jpg\",\"width\":800,\"height\":391,\"caption\":\"Veranda fts system\"},{\"@type\":\"BreadcrumbList\",\"@id\":\"https:\/\/avaeksperdid.ee\/?post_type=product&p=10642#breadcrumb\",\"itemListElement\":[{\"@type\":\"ListItem\",\"position\":1,\"name\":\"Home\",\"item\":\"https:\/\/avaeksperdid.ee\/en\/\"},{\"@type\":\"ListItem\",\"position\":2,\"name\":\"All products\",\"item\":\"https:\/\/avaeksperdid.ee\/en\/shop\/\"},{\"@type\":\"ListItem\",\"position\":3,\"name\":\"Veranda System\"}]},{\"@type\":\"WebSite\",\"@id\":\"https:\/\/avaeksperdid.ee\/#website\",\"url\":\"https:\/\/avaeksperdid.ee\/\",\"name\":\"Avaeksperdid\",\"description\":\"Kardinad | Rulood | Markiisid ja v\u00e4likatted\",\"publisher\":{\"@id\":\"https:\/\/avaeksperdid.ee\/#organization\"},\"potentialAction\":[{\"@type\":\"SearchAction\",\"target\":{\"@type\":\"EntryPoint\",\"urlTemplate\":\"https:\/\/avaeksperdid.ee\/?s={search_term_string}\"},\"query-input\":{\"@type\":\"PropertyValueSpecification\",\"valueRequired\":true,\"valueName\":\"search_term_string\"}}],\"inLanguage\":\"en-US\"},{\"@type\":\"Organization\",\"@id\":\"https:\/\/avaeksperdid.ee\/#organization\",\"name\":\"Avaeksperdid\",\"url\":\"https:\/\/avaeksperdid.ee\/\",\"logo\":{\"@type\":\"ImageObject\",\"inLanguage\":\"en-US\",\"@id\":\"https:\/\/avaeksperdid.ee\/#\/schema\/logo\/image\/\",\"url\":\"https:\/\/avaeksperdid.ee\/wp-content\/uploads\/2025\/03\/avaeksperdid-must-logo.svg\",\"contentUrl\":\"https:\/\/avaeksperdid.ee\/wp-content\/uploads\/2025\/03\/avaeksperdid-must-logo.svg\",\"width\":192,\"height\":26,\"caption\":\"Avaeksperdid\"},\"image\":{\"@id\":\"https:\/\/avaeksperdid.ee\/#\/schema\/logo\/image\/\"}}]}<\/script>\n<!-- \/ Yoast SEO plugin. -->","yoast_head_json":{"title":"Veranda System - Avaeksperdid","robots":{"index":"index","follow":"follow","max-snippet":"max-snippet:-1","max-image-preview":"max-image-preview:large","max-video-preview":"max-video-preview:-1"},"canonical":"https:\/\/avaeksperdid.ee\/?post_type=product&p=10642","og_locale":"en_US","og_type":"article","og_title":"Veranda System - Avaeksperdid","og_description":"S\u00fcsteem Veranda on m\u00f5eldud lamedate horisontaal- v\u00f5i kaldpindade, nagu talveaiad v\u00f5i katuseaknad, katmiseks.","og_url":"https:\/\/avaeksperdid.ee\/?post_type=product&p=10642","og_site_name":"Avaeksperdid","article_modified_time":"2025-04-17T15:59:41+00:00","og_image":[{"width":800,"height":391,"url":"https:\/\/avaeksperdid.ee\/wp-content\/uploads\/2025\/04\/veranda-system-1-1.jpg","type":"image\/jpeg"}],"twitter_card":"summary_large_image","twitter_misc":{"Est. reading time":"1 minute"},"schema":{"@context":"https:\/\/schema.org","@graph":[{"@type":"WebPage","@id":"https:\/\/avaeksperdid.ee\/?post_type=product&p=10642","url":"https:\/\/avaeksperdid.ee\/?post_type=product&p=10642","name":"Veranda System - Avaeksperdid","isPartOf":{"@id":"https:\/\/avaeksperdid.ee\/#website"},"primaryImageOfPage":{"@id":"https:\/\/avaeksperdid.ee\/?post_type=product&p=10642#primaryimage"},"image":{"@id":"https:\/\/avaeksperdid.ee\/?post_type=product&p=10642#primaryimage"},"thumbnailUrl":"https:\/\/avaeksperdid.ee\/wp-content\/uploads\/2025\/04\/veranda-system-1-1.jpg","datePublished":"2016-03-10T10:25:08+00:00","dateModified":"2025-04-17T15:59:41+00:00","breadcrumb":{"@id":"https:\/\/avaeksperdid.ee\/?post_type=product&p=10642#breadcrumb"},"inLanguage":"en-US","potentialAction":[{"@type":"ReadAction","target":["https:\/\/avaeksperdid.ee\/?post_type=product&p=10642"]}]},{"@type":"ImageObject","inLanguage":"en-US","@id":"https:\/\/avaeksperdid.ee\/?post_type=product&p=10642#primaryimage","url":"https:\/\/avaeksperdid.ee\/wp-content\/uploads\/2025\/04\/veranda-system-1-1.jpg","contentUrl":"https:\/\/avaeksperdid.ee\/wp-content\/uploads\/2025\/04\/veranda-system-1-1.jpg","width":800,"height":391,"caption":"Veranda fts system"},{"@type":"BreadcrumbList","@id":"https:\/\/avaeksperdid.ee\/?post_type=product&p=10642#breadcrumb","itemListElement":[{"@type":"ListItem","position":1,"name":"Home","item":"https:\/\/avaeksperdid.ee\/en\/"},{"@type":"ListItem","position":2,"name":"All products","item":"https:\/\/avaeksperdid.ee\/en\/shop\/"},{"@type":"ListItem","position":3,"name":"Veranda System"}]},{"@type":"WebSite","@id":"https:\/\/avaeksperdid.ee\/#website","url":"https:\/\/avaeksperdid.ee\/","name":"Avaeksperdid","description":"Kardinad | Rulood | Markiisid ja v\u00e4likatted","publisher":{"@id":"https:\/\/avaeksperdid.ee\/#organization"},"potentialAction":[{"@type":"SearchAction","target":{"@type":"EntryPoint","urlTemplate":"https:\/\/avaeksperdid.ee\/?s={search_term_string}"},"query-input":{"@type":"PropertyValueSpecification","valueRequired":true,"valueName":"search_term_string"}}],"inLanguage":"en-US"},{"@type":"Organization","@id":"https:\/\/avaeksperdid.ee\/#organization","name":"Avaeksperdid","url":"https:\/\/avaeksperdid.ee\/","logo":{"@type":"ImageObject","inLanguage":"en-US","@id":"https:\/\/avaeksperdid.ee\/#\/schema\/logo\/image\/","url":"https:\/\/avaeksperdid.ee\/wp-content\/uploads\/2025\/03\/avaeksperdid-must-logo.svg","contentUrl":"https:\/\/avaeksperdid.ee\/wp-content\/uploads\/2025\/03\/avaeksperdid-must-logo.svg","width":192,"height":26,"caption":"Avaeksperdid"},"image":{"@id":"https:\/\/avaeksperdid.ee\/#\/schema\/logo\/image\/"}}]}},"_links":{"self":[{"href":"https:\/\/avaeksperdid.ee\/en\/wp-json\/wp\/v2\/product\/10682","targetHints":{"allow":["GET"]}}],"collection":[{"href":"https:\/\/avaeksperdid.ee\/en\/wp-json\/wp\/v2\/product"}],"about":[{"href":"https:\/\/avaeksperdid.ee\/en\/wp-json\/wp\/v2\/types\/product"}],"wp:featuredmedia":[{"embeddable":true,"href":"https:\/\/avaeksperdid.ee\/en\/wp-json\/wp\/v2\/media\/7624"}],"wp:attachment":[{"href":"https:\/\/avaeksperdid.ee\/en\/wp-json\/wp\/v2\/media?parent=10682"}],"wp:term":[{"taxonomy":"product_brand","embeddable":true,"href":"https:\/\/avaeksperdid.ee\/en\/wp-json\/wp\/v2\/product_brand?post=10682"},{"taxonomy":"product_cat","embeddable":true,"href":"https:\/\/avaeksperdid.ee\/en\/wp-json\/wp\/v2\/product_cat?post=10682"},{"taxonomy":"product_tag","embeddable":true,"href":"https:\/\/avaeksperdid.ee\/en\/wp-json\/wp\/v2\/product_tag?post=10682"}],"curies":[{"name":"wp","href":"https:\/\/api.w.org\/{rel}","templated":true}]}}